{"id":1710,"date":"2025-11-22T09:10:15","date_gmt":"2025-11-22T09:10:15","guid":{"rendered":"https:\/\/trust-way.com\/about\/"},"modified":"2025-11-22T19:14:50","modified_gmt":"2025-11-22T19:14:50","slug":"about","status":"publish","type":"page","link":"https:\/\/trust-way.com\/tr\/about\/","title":{"rendered":"Hakk\u0131m\u0131zda"},"content":{"rendered":"<div data-elementor-type=\"wp-page\" data-elementor-id=\"1710\" class=\"elementor elementor-1710\">\n\t\t\t\t<div class=\"elementor-element elementor-element-4094ee7 e-transform e-flex e-con-boxed e-con e-parent\" data-id=\"4094ee7\" data-element_type=\"container\" data-e-type=\"container\" data-settings=\"{&quot;background_background&quot;:&quot;classic&quot;,&quot;_transform_translateX_effect_mobile&quot;:{&quot;unit&quot;:&quot;px&quot;,&quot;size&quot;:0,&quot;sizes&quot;:[]},&quot;_transform_translateY_effect&quot;:{&quot;unit&quot;:&quot;px&quot;,&quot;size&quot;:65,&quot;sizes&quot;:[]},&quot;_transform_translateY_effect_tablet&quot;:{&quot;unit&quot;:&quot;px&quot;,&quot;size&quot;:61,&quot;sizes&quot;:[]},&quot;_transform_translateY_effect_mobile&quot;:{&quot;unit&quot;:&quot;px&quot;,&quot;size&quot;:37,&quot;sizes&quot;:[]},&quot;_transform_translateX_effect&quot;:{&quot;unit&quot;:&quot;px&quot;,&quot;size&quot;:&quot;&quot;,&quot;sizes&quot;:[]},&quot;_transform_translateX_effect_tablet&quot;:{&quot;unit&quot;:&quot;px&quot;,&quot;size&quot;:&quot;&quot;,&quot;sizes&quot;:[]}}\">\n\t\t\t\t\t<div class=\"e-con-inner\">\n\t\t<div class=\"elementor-element elementor-element-8695738 e-con-full e-flex e-con e-child\" data-id=\"8695738\" data-element_type=\"container\" data-e-type=\"container\">\n\t\t\t\t<div class=\"elementor-element elementor-element-2646c9c e-transform elementor-widget elementor-widget-heading\" data-id=\"2646c9c\" data-element_type=\"widget\" data-e-type=\"widget\" data-settings=\"{&quot;_transform_translateY_effect_mobile&quot;:{&quot;unit&quot;:&quot;px&quot;,&quot;size&quot;:0,&quot;sizes&quot;:[]},&quot;_transform_translateX_effect&quot;:{&quot;unit&quot;:&quot;px&quot;,&quot;size&quot;:&quot;&quot;,&quot;sizes&quot;:[]},&quot;_transform_translateX_effect_tablet&quot;:{&quot;unit&quot;:&quot;px&quot;,&quot;size&quot;:&quot;&quot;,&quot;sizes&quot;:[]},&quot;_transform_translateX_effect_mobile&quot;:{&quot;unit&quot;:&quot;px&quot;,&quot;size&quot;:&quot;&quot;,&quot;sizes&quot;:[]},&quot;_transform_translateY_effect&quot;:{&quot;unit&quot;:&quot;px&quot;,&quot;size&quot;:&quot;&quot;,&quot;sizes&quot;:[]},&quot;_transform_translateY_effect_tablet&quot;:{&quot;unit&quot;:&quot;px&quot;,&quot;size&quot;:&quot;&quot;,&quot;sizes&quot;:[]}}\" data-widget_type=\"heading.default\">\n\t\t\t\t\t<h1 class=\"elementor-heading-title elementor-size-default\">Biz Kimiz?<\/h1>\t\t\t\t<\/div>\n\t\t\t\t<\/div>\n\t\t\t\t\t<\/div>\n\t\t\t\t<\/div>\n\t\t<div class=\"elementor-element elementor-element-e90f62c e-flex e-con-boxed e-con e-parent\" data-id=\"e90f62c\" data-element_type=\"container\" data-e-type=\"container\">\n\t\t\t\t\t<div class=\"e-con-inner\">\n\t\t<div class=\"elementor-element elementor-element-0c682a2 e-con-full e-flex e-con e-child\" data-id=\"0c682a2\" data-element_type=\"container\" data-e-type=\"container\">\n\t\t\t\t<div class=\"elementor-element elementor-element-cc91ee5 elementor-widget__width-initial elementor-widget elementor-widget-image\" data-id=\"cc91ee5\" data-element_type=\"widget\" data-e-type=\"widget\" data-widget_type=\"image.default\">\n\t\t\t\t\t\t\t\t\t\t\t\t\t\t\t<img fetchpriority=\"high\" decoding=\"async\" width=\"1707\" height=\"2560\" src=\"https:\/\/trust-way.com\/wp-content\/uploads\/2025\/11\/pexels-photo-6169195-6169195-scaled.jpg\" class=\"attachment-full size-full wp-image-1824\" alt=\"A courier carries cardboard boxes to a delivery van, ready for shipment.\" srcset=\"https:\/\/trust-way.com\/wp-content\/uploads\/2025\/11\/pexels-photo-6169195-6169195-scaled.jpg 1707w, https:\/\/trust-way.com\/wp-content\/uploads\/2025\/11\/pexels-photo-6169195-6169195-200x300.jpg 200w, https:\/\/trust-way.com\/wp-content\/uploads\/2025\/11\/pexels-photo-6169195-6169195-683x1024.jpg 683w, https:\/\/trust-way.com\/wp-content\/uploads\/2025\/11\/pexels-photo-6169195-6169195-768x1152.jpg 768w, https:\/\/trust-way.com\/wp-content\/uploads\/2025\/11\/pexels-photo-6169195-6169195-1024x1536.jpg 1024w, https:\/\/trust-way.com\/wp-content\/uploads\/2025\/11\/pexels-photo-6169195-6169195-1365x2048.jpg 1365w\" sizes=\"(max-width: 1707px) 100vw, 1707px\" \/>\t\t\t\t\t\t\t\t\t\t\t\t\t\t\t<\/div>\n\t\t\t\t<\/div>\n\t\t<div class=\"elementor-element elementor-element-b29abee e-con-full e-flex e-con e-child\" data-id=\"b29abee\" data-element_type=\"container\" data-e-type=\"container\">\n\t\t\t\t<div class=\"elementor-element elementor-element-f095111 elementor-widget elementor-widget-heading\" data-id=\"f095111\" data-element_type=\"widget\" data-e-type=\"widget\" data-widget_type=\"heading.default\">\n\t\t\t\t\t<h2 class=\"elementor-heading-title elementor-size-default\">Misyonumuz<\/h2>\t\t\t\t<\/div>\n\t\t\t\t<div class=\"elementor-element elementor-element-5990b83 elementor-widget elementor-widget-text-editor\" data-id=\"5990b83\" data-element_type=\"widget\" data-e-type=\"widget\" data-widget_type=\"text-editor.default\">\n\t\t\t\t\t\t\t\t\t<p data-start=\"178\" data-end=\"476\">- <strong data-start=\"181\" data-end=\"194\">Trust Way<\/strong>, Misyonumuz; i\u015fletmelerin g\u00fcvenle ilerlemesini sa\u011flayan, g\u00fcvenilir, verimli ve g\u00fcvenli lojistik \u00e7\u00f6z\u00fcmler sunmakt\u0131r.<br data-start=\"324\" data-end=\"327\" \/>Her g\u00fcn, ta\u015f\u0131mac\u0131l\u0131k s\u00fcrecini basitle\u015ftirmek, \u00fcr\u00fcnlerin g\u00fcvenli \u015fekilde ta\u015f\u0131nmas\u0131n\u0131 sa\u011flamak ve yolculu\u011fun her a\u015famas\u0131nda a\u00e7\u0131k ileti\u015fim sunmak i\u00e7in \u00e7al\u0131\u015f\u0131yoruz.<\/p><p data-start=\"478\" data-end=\"498\">\u015eunlara ba\u011fl\u0131y\u0131z:<\/p><ul data-start=\"500\" data-end=\"863\"><li data-start=\"500\" data-end=\"570\"><p data-start=\"502\" data-end=\"570\"><strong data-start=\"502\" data-end=\"520\">G\u00fcven in\u015fa etmek<\/strong> \u015feffafl\u0131k ve istikrarl\u0131 performans ile<\/p><\/li><li data-start=\"571\" data-end=\"624\"><p data-start=\"573\" data-end=\"624\"><strong data-start=\"573\" data-end=\"595\">Zaman\u0131nda teslimat sa\u011flamak<\/strong>, neresi olursa olsun<\/p><\/li><li data-start=\"625\" data-end=\"690\"><p data-start=\"627\" data-end=\"690\"><strong data-start=\"627\" data-end=\"669\">\u00dcst d\u00fczey m\u00fc\u015fteri deste\u011fi sunmak<\/strong> insan odakl\u0131 bir yakla\u015f\u0131mla<\/p><\/li><li data-start=\"691\" data-end=\"761\"><p data-start=\"693\" data-end=\"761\"><strong data-start=\"693\" data-end=\"729\">Ak\u0131ll\u0131 lojistik teknolojilerini kullanmak<\/strong> h\u0131z ve do\u011frulu\u011fu art\u0131rmak i\u00e7in<\/p><\/li><li data-start=\"762\" data-end=\"863\"><p data-start=\"764\" data-end=\"863\"><strong data-start=\"764\" data-end=\"808\">En y\u00fcksek g\u00fcvenlik standartlar\u0131n\u0131 sa\u011flamak<\/strong> her paketin teslim al\u0131nmas\u0131, sevk edilmesi ve teslimat\u0131 s\u0131ras\u0131nda<\/p><\/li><\/ul><p data-start=\"865\" data-end=\"939\">Trust Way\u2019de yaln\u0131zca y\u00fck ta\u015f\u0131m\u0131yoruz \u2014<br data-start=\"905\" data-end=\"908\" \/><strong data-start=\"908\" data-end=\"939\">onlar\u0131 do\u011fru \u015fekilde ta\u015f\u0131yoruz.<\/strong><\/p>\t\t\t\t\t\t\t\t<\/div>\n\t\t\t\t<\/div>\n\t\t\t\t\t<\/div>\n\t\t\t\t<\/div>\n\t\t<div class=\"elementor-element elementor-element-9913187 e-flex e-con-boxed e-con e-parent\" data-id=\"9913187\" data-element_type=\"container\" data-e-type=\"container\" data-settings=\"{&quot;background_background&quot;:&quot;classic&quot;}\">\n\t\t\t\t\t<div class=\"e-con-inner\">\n\t\t<div class=\"elementor-element elementor-element-0f074f2 e-con-full e-flex e-con e-child\" data-id=\"0f074f2\" data-element_type=\"container\" data-e-type=\"container\">\n\t\t\t\t<div class=\"elementor-element elementor-element-4f55473 elementor-align-center elementor-widget elementor-widget-button\" data-id=\"4f55473\" data-element_type=\"widget\" data-e-type=\"widget\" data-widget_type=\"button.default\">\n\t\t\t\t\t\t\t\t\t\t<a class=\"elementor-button elementor-button-link elementor-size-sm\" href=\"https:\/\/trust-way.com\/tr\/contact\/\">\n\t\t\t\t\t\t<span class=\"elementor-button-content-wrapper\">\n\t\t\t\t\t\t\t\t\t<span class=\"elementor-button-text\">Bizimle \u0130leti\u015fime Ge\u00e7in<\/span>\n\t\t\t\t\t<\/span>\n\t\t\t\t\t<\/a>\n\t\t\t\t\t\t\t\t<\/div>\n\t\t\t\t<\/div>\n\t\t\t\t\t<\/div>\n\t\t\t\t<\/div>\n\t\t<div class=\"elementor-element elementor-element-8842882 e-flex e-con-boxed e-con e-parent\" data-id=\"8842882\" data-element_type=\"container\" data-e-type=\"container\">\n\t\t\t\t\t<div class=\"e-con-inner\">\n\t\t\t\t\t<\/div>\n\t\t\t\t<\/div>\n\t\t\t\t<\/div>","protected":false},"excerpt":{"rendered":"<p>Who are we? Our Mission At Trust Way, our mission is to deliver reliable, efficient, and secure logistics solutions that help businesses move forward with confidence.We work every day to simplify the shipping process, ensure the safe handling of goods, and provide clear communication at every stage of the journey. We are committed to: Building [&hellip;]<\/p>","protected":false},"author":1,"featured_media":0,"parent":0,"menu_order":0,"comment_status":"closed","ping_status":"closed","template":"","meta":{"site-sidebar-layout":"no-sidebar","site-content-layout":"page-builder","ast-site-content-layout":"full-width-container","site-content-style":"unboxed","site-sidebar-style":"unboxed","ast-global-header-display":"","ast-banner-title-visibility":"","ast-main-header-display":"","ast-hfb-above-header-display":"","ast-hfb-below-header-display":"","ast-hfb-mobile-header-display":"","site-post-title":"","ast-breadcrumbs-content":"","ast-featured-img":"disabled","footer-sml-layout":"","ast-disable-related-posts":"","theme-transparent-header-meta":"enabled","adv-header-id-meta":"","stick-header-meta":"","header-above-stick-meta":"","header-main-stick-meta":"","header-below-stick-meta":"","astra-migrate-meta-layouts":"set","ast-page-background-enabled":"default","ast-page-background-meta":{"desktop":{"background-color":"var(--ast-global-color-4)","background-image":"","background-repeat":"repeat","background-position":"center center","background-size":"auto","background-attachment":"scroll","background-type":"","background-media":"","overlay-type":"","overlay-color":"","overlay-opacity":"","overlay-gradient":""},"tablet":{"background-color":"","background-image":"","background-repeat":"repeat","background-position":"center center","background-size":"auto","background-attachment":"scroll","background-type":"","background-media":"","overlay-type":"","overlay-color":"","overlay-opacity":"","overlay-gradient":""},"mobile":{"background-color":"","background-image":"","background-repeat":"repeat","background-position":"center center","background-size":"auto","background-attachment":"scroll","background-type":"","background-media":"","overlay-type":"","overlay-color":"","overlay-opacity":"","overlay-gradient":""}},"ast-content-background-meta":{"desktop":{"background-color":"var(--ast-global-color-5)","background-image":"","background-repeat":"repeat","background-position":"center center","background-size":"auto","background-attachment":"scroll","background-type":"","background-media":"","overlay-type":"","overlay-color":"","overlay-opacity":"","overlay-gradient":""},"tablet":{"background-color":"var(--ast-global-color-5)","background-image":"","background-repeat":"repeat","background-position":"center center","background-size":"auto","background-attachment":"scroll","background-type":"","background-media":"","overlay-type":"","overlay-color":"","overlay-opacity":"","overlay-gradient":""},"mobile":{"background-color":"var(--ast-global-color-5)","background-image":"","background-repeat":"repeat","background-position":"center center","background-size":"auto","background-attachment":"scroll","background-type":"","background-media":"","overlay-type":"","overlay-color":"","overlay-opacity":"","overlay-gradient":""}},"footnotes":""},"class_list":["post-1710","page","type-page","status-publish","hentry"],"_hostinger_reach_plugin_has_subscription_block":false,"_hostinger_reach_plugin_is_elementor":false,"_links":{"self":[{"href":"https:\/\/trust-way.com\/tr\/wp-json\/wp\/v2\/pages\/1710","targetHints":{"allow":["GET"]}}],"collection":[{"href":"https:\/\/trust-way.com\/tr\/wp-json\/wp\/v2\/pages"}],"about":[{"href":"https:\/\/trust-way.com\/tr\/wp-json\/wp\/v2\/types\/page"}],"author":[{"embeddable":true,"href":"https:\/\/trust-way.com\/tr\/wp-json\/wp\/v2\/users\/1"}],"replies":[{"embeddable":true,"href":"https:\/\/trust-way.com\/tr\/wp-json\/wp\/v2\/comments?post=1710"}],"version-history":[{"count":19,"href":"https:\/\/trust-way.com\/tr\/wp-json\/wp\/v2\/pages\/1710\/revisions"}],"predecessor-version":[{"id":2019,"href":"https:\/\/trust-way.com\/tr\/wp-json\/wp\/v2\/pages\/1710\/revisions\/2019"}],"wp:attachment":[{"href":"https:\/\/trust-way.com\/tr\/wp-json\/wp\/v2\/media?parent=1710"}],"curies":[{"name":"wp","href":"https:\/\/api.w.org\/{rel}","templated":true}]}}