{"id":15,"date":"2025-11-22T09:10:15","date_gmt":"2025-11-22T09:10:15","guid":{"rendered":"https:\/\/trust-way.com\/services\/"},"modified":"2025-11-22T19:16:59","modified_gmt":"2025-11-22T19:16:59","slug":"services","status":"publish","type":"page","link":"https:\/\/trust-way.com\/tr\/services\/","title":{"rendered":"Hizmetler"},"content":{"rendered":"<div data-elementor-type=\"wp-page\" data-elementor-id=\"15\" class=\"elementor elementor-15\">\n\t\t\t\t<div class=\"elementor-element elementor-element-ed5342b e-transform e-flex e-con-boxed e-con e-parent\" data-id=\"ed5342b\" data-element_type=\"container\" data-e-type=\"container\" data-settings=\"{&quot;background_background&quot;:&quot;classic&quot;,&quot;_transform_translateY_effect&quot;:{&quot;unit&quot;:&quot;px&quot;,&quot;size&quot;:65,&quot;sizes&quot;:[]},&quot;_transform_translateY_effect_mobile&quot;:{&quot;unit&quot;:&quot;px&quot;,&quot;size&quot;:77,&quot;sizes&quot;:[]},&quot;_transform_translateX_effect&quot;:{&quot;unit&quot;:&quot;px&quot;,&quot;size&quot;:&quot;&quot;,&quot;sizes&quot;:[]},&quot;_transform_translateX_effect_tablet&quot;:{&quot;unit&quot;:&quot;px&quot;,&quot;size&quot;:&quot;&quot;,&quot;sizes&quot;:[]},&quot;_transform_translateX_effect_mobile&quot;:{&quot;unit&quot;:&quot;px&quot;,&quot;size&quot;:&quot;&quot;,&quot;sizes&quot;:[]},&quot;_transform_translateY_effect_tablet&quot;:{&quot;unit&quot;:&quot;px&quot;,&quot;size&quot;:&quot;&quot;,&quot;sizes&quot;:[]}}\">\n\t\t\t\t\t<div class=\"e-con-inner\">\n\t\t<div class=\"elementor-element elementor-element-0c73a23 e-con-full e-flex e-con e-child\" data-id=\"0c73a23\" data-element_type=\"container\" data-e-type=\"container\">\n\t\t\t\t<div class=\"elementor-element elementor-element-e3ee3a0 e-transform e-transform elementor-widget elementor-widget-heading\" data-id=\"e3ee3a0\" data-element_type=\"widget\" data-e-type=\"widget\" data-settings=\"{&quot;_transform_translateX_effect_mobile&quot;:{&quot;unit&quot;:&quot;px&quot;,&quot;size&quot;:0,&quot;sizes&quot;:[]},&quot;_transform_translateY_effect_mobile&quot;:{&quot;unit&quot;:&quot;px&quot;,&quot;size&quot;:-24,&quot;sizes&quot;:[]},&quot;_transform_scale_effect_mobile&quot;:{&quot;unit&quot;:&quot;px&quot;,&quot;size&quot;:1,&quot;sizes&quot;:[]},&quot;_transform_translateX_effect&quot;:{&quot;unit&quot;:&quot;px&quot;,&quot;size&quot;:&quot;&quot;,&quot;sizes&quot;:[]},&quot;_transform_translateX_effect_tablet&quot;:{&quot;unit&quot;:&quot;px&quot;,&quot;size&quot;:&quot;&quot;,&quot;sizes&quot;:[]},&quot;_transform_translateY_effect&quot;:{&quot;unit&quot;:&quot;px&quot;,&quot;size&quot;:&quot;&quot;,&quot;sizes&quot;:[]},&quot;_transform_translateY_effect_tablet&quot;:{&quot;unit&quot;:&quot;px&quot;,&quot;size&quot;:&quot;&quot;,&quot;sizes&quot;:[]},&quot;_transform_scale_effect&quot;:{&quot;unit&quot;:&quot;px&quot;,&quot;size&quot;:&quot;&quot;,&quot;sizes&quot;:[]},&quot;_transform_scale_effect_tablet&quot;:{&quot;unit&quot;:&quot;px&quot;,&quot;size&quot;:&quot;&quot;,&quot;sizes&quot;:[]}}\" data-widget_type=\"heading.default\">\n\t\t\t\t\t<h1 class=\"elementor-heading-title elementor-size-default\">Hizmetler<\/h1>\t\t\t\t<\/div>\n\t\t\t\t<\/div>\n\t\t\t\t\t<\/div>\n\t\t\t\t<\/div>\n\t\t<div class=\"elementor-element elementor-element-b069d22 e-transform e-flex e-con-boxed e-con e-parent\" data-id=\"b069d22\" data-element_type=\"container\" data-e-type=\"container\" data-settings=\"{&quot;_transform_translateY_effect_mobile&quot;:{&quot;unit&quot;:&quot;px&quot;,&quot;size&quot;:49,&quot;sizes&quot;:[]},&quot;_transform_translateX_effect&quot;:{&quot;unit&quot;:&quot;px&quot;,&quot;size&quot;:&quot;&quot;,&quot;sizes&quot;:[]},&quot;_transform_translateX_effect_tablet&quot;:{&quot;unit&quot;:&quot;px&quot;,&quot;size&quot;:&quot;&quot;,&quot;sizes&quot;:[]},&quot;_transform_translateX_effect_mobile&quot;:{&quot;unit&quot;:&quot;px&quot;,&quot;size&quot;:&quot;&quot;,&quot;sizes&quot;:[]},&quot;_transform_translateY_effect&quot;:{&quot;unit&quot;:&quot;px&quot;,&quot;size&quot;:&quot;&quot;,&quot;sizes&quot;:[]},&quot;_transform_translateY_effect_tablet&quot;:{&quot;unit&quot;:&quot;px&quot;,&quot;size&quot;:&quot;&quot;,&quot;sizes&quot;:[]}}\">\n\t\t\t\t\t<div class=\"e-con-inner\">\n\t\t<div class=\"elementor-element elementor-element-56a4564 e-con-full e-flex e-con e-child\" data-id=\"56a4564\" data-element_type=\"container\" data-e-type=\"container\">\n\t\t\t\t<div class=\"elementor-element elementor-element-293de64 e-transform elementor-widget elementor-widget-heading\" data-id=\"293de64\" data-element_type=\"widget\" data-e-type=\"widget\" data-settings=\"{&quot;_transform_translateX_effect&quot;:{&quot;unit&quot;:&quot;px&quot;,&quot;size&quot;:&quot;&quot;,&quot;sizes&quot;:[]},&quot;_transform_translateX_effect_tablet&quot;:{&quot;unit&quot;:&quot;px&quot;,&quot;size&quot;:&quot;&quot;,&quot;sizes&quot;:[]},&quot;_transform_translateX_effect_mobile&quot;:{&quot;unit&quot;:&quot;px&quot;,&quot;size&quot;:&quot;&quot;,&quot;sizes&quot;:[]},&quot;_transform_translateY_effect&quot;:{&quot;unit&quot;:&quot;px&quot;,&quot;size&quot;:&quot;&quot;,&quot;sizes&quot;:[]},&quot;_transform_translateY_effect_tablet&quot;:{&quot;unit&quot;:&quot;px&quot;,&quot;size&quot;:&quot;&quot;,&quot;sizes&quot;:[]},&quot;_transform_translateY_effect_mobile&quot;:{&quot;unit&quot;:&quot;px&quot;,&quot;size&quot;:&quot;&quot;,&quot;sizes&quot;:[]}}\" data-widget_type=\"heading.default\">\n\t\t\t\t\t<h2 class=\"elementor-heading-title elementor-size-default\">Hava Ta\u015f\u0131mac\u0131l\u0131\u011f\u0131<\/h2>\t\t\t\t<\/div>\n\t\t\t\t<div class=\"elementor-element elementor-element-a6cf62f elementor-widget elementor-widget-text-editor\" data-id=\"a6cf62f\" data-element_type=\"widget\" data-e-type=\"widget\" data-widget_type=\"text-editor.default\">\n\t\t\t\t\t\t\t\t\t<p><strong data-start=\"193\" data-end=\"256\">Acil g\u00f6nderiler i\u00e7in h\u0131zl\u0131 ve g\u00fcvenilir hava kargo \u00e7\u00f6z\u00fcmleri.<\/strong><br data-start=\"256\" data-end=\"259\" \/>\u00dcr\u00fcnlerinizin var\u0131\u015f noktas\u0131na h\u0131zl\u0131, g\u00fcvenli ve t\u00fcm s\u00fcre\u00e7 boyunca tam takip ile ula\u015fmas\u0131n\u0131 sa\u011fl\u0131yoruz.<\/p>\t\t\t\t\t\t\t\t<\/div>\n\t\t\t\t<\/div>\n\t\t<div class=\"elementor-element elementor-element-dffccf7 e-con-full e-flex e-con e-child\" data-id=\"dffccf7\" data-element_type=\"container\" data-e-type=\"container\">\n\t\t\t\t<div class=\"elementor-element elementor-element-a48b651 elementor-widget elementor-widget-image\" data-id=\"a48b651\" data-element_type=\"widget\" data-e-type=\"widget\" data-widget_type=\"image.default\">\n\t\t\t\t\t\t\t\t\t\t\t\t\t\t\t<img fetchpriority=\"high\" decoding=\"async\" width=\"1024\" height=\"1024\" src=\"https:\/\/trust-way.com\/wp-content\/uploads\/2025\/11\/gd0abc467c71de57049d0436899dda3623e4c5b3e82b661b6feb3c9a48dc0d2d41fa1dae760214a7d1749cc90d957cb9665af021642789850aad48fad4c298680_1280-6953442-1024x1024.jpg\" class=\"attachment-large size-large wp-image-1840\" alt=\"airplane, plane, aircraft, aviation, black and white\" srcset=\"https:\/\/trust-way.com\/wp-content\/uploads\/2025\/11\/gd0abc467c71de57049d0436899dda3623e4c5b3e82b661b6feb3c9a48dc0d2d41fa1dae760214a7d1749cc90d957cb9665af021642789850aad48fad4c298680_1280-6953442-1024x1024.jpg 1024w, https:\/\/trust-way.com\/wp-content\/uploads\/2025\/11\/gd0abc467c71de57049d0436899dda3623e4c5b3e82b661b6feb3c9a48dc0d2d41fa1dae760214a7d1749cc90d957cb9665af021642789850aad48fad4c298680_1280-6953442-300x300.jpg 300w, https:\/\/trust-way.com\/wp-content\/uploads\/2025\/11\/gd0abc467c71de57049d0436899dda3623e4c5b3e82b661b6feb3c9a48dc0d2d41fa1dae760214a7d1749cc90d957cb9665af021642789850aad48fad4c298680_1280-6953442-150x150.jpg 150w, https:\/\/trust-way.com\/wp-content\/uploads\/2025\/11\/gd0abc467c71de57049d0436899dda3623e4c5b3e82b661b6feb3c9a48dc0d2d41fa1dae760214a7d1749cc90d957cb9665af021642789850aad48fad4c298680_1280-6953442-768x768.jpg 768w, https:\/\/trust-way.com\/wp-content\/uploads\/2025\/11\/gd0abc467c71de57049d0436899dda3623e4c5b3e82b661b6feb3c9a48dc0d2d41fa1dae760214a7d1749cc90d957cb9665af021642789850aad48fad4c298680_1280-6953442.jpg 1280w\" sizes=\"(max-width: 1024px) 100vw, 1024px\" \/>\t\t\t\t\t\t\t\t\t\t\t\t\t\t\t<\/div>\n\t\t\t\t<\/div>\n\t\t\t\t\t<\/div>\n\t\t\t\t<\/div>\n\t\t<div class=\"elementor-element elementor-element-4ea6c66 e-transform e-flex e-con-boxed e-con e-parent\" data-id=\"4ea6c66\" data-element_type=\"container\" data-e-type=\"container\" data-settings=\"{&quot;_transform_translateY_effect_mobile&quot;:{&quot;unit&quot;:&quot;px&quot;,&quot;size&quot;:12,&quot;sizes&quot;:[]},&quot;_transform_translateX_effect&quot;:{&quot;unit&quot;:&quot;px&quot;,&quot;size&quot;:&quot;&quot;,&quot;sizes&quot;:[]},&quot;_transform_translateX_effect_tablet&quot;:{&quot;unit&quot;:&quot;px&quot;,&quot;size&quot;:&quot;&quot;,&quot;sizes&quot;:[]},&quot;_transform_translateX_effect_mobile&quot;:{&quot;unit&quot;:&quot;px&quot;,&quot;size&quot;:&quot;&quot;,&quot;sizes&quot;:[]},&quot;_transform_translateY_effect&quot;:{&quot;unit&quot;:&quot;px&quot;,&quot;size&quot;:&quot;&quot;,&quot;sizes&quot;:[]},&quot;_transform_translateY_effect_tablet&quot;:{&quot;unit&quot;:&quot;px&quot;,&quot;size&quot;:&quot;&quot;,&quot;sizes&quot;:[]}}\">\n\t\t\t\t\t<div class=\"e-con-inner\">\n\t\t<div class=\"elementor-element elementor-element-6880e43 e-con-full e-flex e-con e-child\" data-id=\"6880e43\" data-element_type=\"container\" data-e-type=\"container\">\n\t\t\t\t<div class=\"elementor-element elementor-element-f51149a elementor-widget elementor-widget-image\" data-id=\"f51149a\" data-element_type=\"widget\" data-e-type=\"widget\" data-widget_type=\"image.default\">\n\t\t\t\t\t\t\t\t\t\t\t\t\t\t\t<img decoding=\"async\" width=\"2343\" height=\"2343\" src=\"https:\/\/trust-way.com\/wp-content\/uploads\/2025\/11\/pexels-photo-5668906-5668906.jpg\" class=\"attachment-full size-full wp-image-1839\" alt=\"Rear view of a truck on a foggy highway in Sumar\u00e9, Brazil, showcasing logistics transportation.\" srcset=\"https:\/\/trust-way.com\/wp-content\/uploads\/2025\/11\/pexels-photo-5668906-5668906.jpg 2343w, https:\/\/trust-way.com\/wp-content\/uploads\/2025\/11\/pexels-photo-5668906-5668906-300x300.jpg 300w, https:\/\/trust-way.com\/wp-content\/uploads\/2025\/11\/pexels-photo-5668906-5668906-1024x1024.jpg 1024w, https:\/\/trust-way.com\/wp-content\/uploads\/2025\/11\/pexels-photo-5668906-5668906-150x150.jpg 150w, https:\/\/trust-way.com\/wp-content\/uploads\/2025\/11\/pexels-photo-5668906-5668906-768x768.jpg 768w, https:\/\/trust-way.com\/wp-content\/uploads\/2025\/11\/pexels-photo-5668906-5668906-1536x1536.jpg 1536w, https:\/\/trust-way.com\/wp-content\/uploads\/2025\/11\/pexels-photo-5668906-5668906-2048x2048.jpg 2048w\" sizes=\"(max-width: 2343px) 100vw, 2343px\" \/>\t\t\t\t\t\t\t\t\t\t\t\t\t\t\t<\/div>\n\t\t\t\t<\/div>\n\t\t<div class=\"elementor-element elementor-element-1d599f0 e-con-full e-flex e-con e-child\" data-id=\"1d599f0\" data-element_type=\"container\" data-e-type=\"container\">\n\t\t\t\t<div class=\"elementor-element elementor-element-8e6be18 elementor-widget__width-initial e-transform elementor-widget elementor-widget-heading\" data-id=\"8e6be18\" data-element_type=\"widget\" data-e-type=\"widget\" data-settings=\"{&quot;_transform_translateX_effect&quot;:{&quot;unit&quot;:&quot;px&quot;,&quot;size&quot;:&quot;&quot;,&quot;sizes&quot;:[]},&quot;_transform_translateX_effect_tablet&quot;:{&quot;unit&quot;:&quot;px&quot;,&quot;size&quot;:&quot;&quot;,&quot;sizes&quot;:[]},&quot;_transform_translateX_effect_mobile&quot;:{&quot;unit&quot;:&quot;px&quot;,&quot;size&quot;:&quot;&quot;,&quot;sizes&quot;:[]},&quot;_transform_translateY_effect&quot;:{&quot;unit&quot;:&quot;px&quot;,&quot;size&quot;:&quot;&quot;,&quot;sizes&quot;:[]},&quot;_transform_translateY_effect_tablet&quot;:{&quot;unit&quot;:&quot;px&quot;,&quot;size&quot;:&quot;&quot;,&quot;sizes&quot;:[]},&quot;_transform_translateY_effect_mobile&quot;:{&quot;unit&quot;:&quot;px&quot;,&quot;size&quot;:&quot;&quot;,&quot;sizes&quot;:[]}}\" data-widget_type=\"heading.default\">\n\t\t\t\t\t<h2 class=\"elementor-heading-title elementor-size-default\">Kara Ta\u015f\u0131mac\u0131l\u0131\u011f\u0131<\/h2>\t\t\t\t<\/div>\n\t\t\t\t<div class=\"elementor-element elementor-element-a34afe2 elementor-widget elementor-widget-text-editor\" data-id=\"a34afe2\" data-element_type=\"widget\" data-e-type=\"widget\" data-widget_type=\"text-editor.default\">\n\t\t\t\t\t\t\t\t\t<p><strong data-start=\"394\" data-end=\"456\">Yerel ve b\u00f6lgesel teslimatlar i\u00e7in esnek kara ta\u015f\u0131mac\u0131l\u0131\u011f\u0131 \u00e7\u00f6z\u00fcmleri.<\/strong><br data-start=\"456\" data-end=\"459\" \/>Filomuz, y\u00fcklerinizi hassas ta\u015f\u0131ma, g\u00fcvenli y\u00fckleme ve zaman\u0131nda teslimat ile verimli \u015fekilde ta\u015f\u0131r.<\/p>\t\t\t\t\t\t\t\t<\/div>\n\t\t\t\t<\/div>\n\t\t\t\t\t<\/div>\n\t\t\t\t<\/div>\n\t\t<div class=\"elementor-element elementor-element-6d214f7 e-flex e-con-boxed e-con e-parent\" data-id=\"6d214f7\" data-element_type=\"container\" data-e-type=\"container\">\n\t\t\t\t\t<div class=\"e-con-inner\">\n\t\t<div class=\"elementor-element elementor-element-47189ec e-con-full e-flex e-con e-child\" data-id=\"47189ec\" data-element_type=\"container\" data-e-type=\"container\">\n\t\t\t\t<div class=\"elementor-element elementor-element-8588bff e-transform elementor-widget elementor-widget-heading\" data-id=\"8588bff\" data-element_type=\"widget\" data-e-type=\"widget\" data-settings=\"{&quot;_transform_translateX_effect&quot;:{&quot;unit&quot;:&quot;px&quot;,&quot;size&quot;:&quot;&quot;,&quot;sizes&quot;:[]},&quot;_transform_translateX_effect_tablet&quot;:{&quot;unit&quot;:&quot;px&quot;,&quot;size&quot;:&quot;&quot;,&quot;sizes&quot;:[]},&quot;_transform_translateX_effect_mobile&quot;:{&quot;unit&quot;:&quot;px&quot;,&quot;size&quot;:&quot;&quot;,&quot;sizes&quot;:[]},&quot;_transform_translateY_effect&quot;:{&quot;unit&quot;:&quot;px&quot;,&quot;size&quot;:&quot;&quot;,&quot;sizes&quot;:[]},&quot;_transform_translateY_effect_tablet&quot;:{&quot;unit&quot;:&quot;px&quot;,&quot;size&quot;:&quot;&quot;,&quot;sizes&quot;:[]},&quot;_transform_translateY_effect_mobile&quot;:{&quot;unit&quot;:&quot;px&quot;,&quot;size&quot;:&quot;&quot;,&quot;sizes&quot;:[]}}\" data-widget_type=\"heading.default\">\n\t\t\t\t\t<h2 class=\"elementor-heading-title elementor-size-default\">Deniz Ta\u015f\u0131mac\u0131l\u0131\u011f\u0131<\/h2>\t\t\t\t<\/div>\n\t\t\t\t<div class=\"elementor-element elementor-element-d43f76f elementor-widget elementor-widget-text-editor\" data-id=\"d43f76f\" data-element_type=\"widget\" data-e-type=\"widget\" data-widget_type=\"text-editor.default\">\n\t\t\t\t\t\t\t\t\t<p><strong data-start=\"586\" data-end=\"641\">B\u00fcy\u00fck ve uluslararas\u0131 y\u00fckler i\u00e7in uygun maliyetli ta\u015f\u0131mac\u0131l\u0131k \u00e7\u00f6z\u00fcmleri.<\/strong><br data-start=\"641\" data-end=\"644\" \/>Konteyner lojisti\u011fini, evrak i\u015flemlerini ve uluslararas\u0131 rotalar\u0131 y\u00f6neterek y\u00fck\u00fcn\u00fcz\u00fc d\u00fcnyaya sorunsuz \u015fekilde ula\u015ft\u0131r\u0131yoruz.<\/p>\t\t\t\t\t\t\t\t<\/div>\n\t\t\t\t<\/div>\n\t\t<div class=\"elementor-element elementor-element-e0dacc0 e-con-full e-flex e-con e-child\" data-id=\"e0dacc0\" data-element_type=\"container\" data-e-type=\"container\">\n\t\t\t\t<div class=\"elementor-element elementor-element-56994c4 elementor-widget elementor-widget-image\" data-id=\"56994c4\" data-element_type=\"widget\" data-e-type=\"widget\" data-widget_type=\"image.default\">\n\t\t\t\t\t\t\t\t\t\t\t\t\t\t\t<img decoding=\"async\" width=\"1024\" height=\"682\" src=\"https:\/\/trust-way.com\/wp-content\/uploads\/2025\/11\/g3de456691bb538cfeedf56e225fcf08a3e2dce2cb773ce56a8182af61e87433bc2288cda463affe9392e1fd0533acc3695defb0a9a1bb99ef05a024e6d80ca81_1280-6794508-1024x682.jpg\" class=\"attachment-large size-large wp-image-1841\" alt=\"ship, container ship, tractor, nature, sea, seafaring, shipping, container, logistics, freight, automobile\" srcset=\"https:\/\/trust-way.com\/wp-content\/uploads\/2025\/11\/g3de456691bb538cfeedf56e225fcf08a3e2dce2cb773ce56a8182af61e87433bc2288cda463affe9392e1fd0533acc3695defb0a9a1bb99ef05a024e6d80ca81_1280-6794508-1024x682.jpg 1024w, https:\/\/trust-way.com\/wp-content\/uploads\/2025\/11\/g3de456691bb538cfeedf56e225fcf08a3e2dce2cb773ce56a8182af61e87433bc2288cda463affe9392e1fd0533acc3695defb0a9a1bb99ef05a024e6d80ca81_1280-6794508-300x200.jpg 300w, https:\/\/trust-way.com\/wp-content\/uploads\/2025\/11\/g3de456691bb538cfeedf56e225fcf08a3e2dce2cb773ce56a8182af61e87433bc2288cda463affe9392e1fd0533acc3695defb0a9a1bb99ef05a024e6d80ca81_1280-6794508-768x512.jpg 768w, https:\/\/trust-way.com\/wp-content\/uploads\/2025\/11\/g3de456691bb538cfeedf56e225fcf08a3e2dce2cb773ce56a8182af61e87433bc2288cda463affe9392e1fd0533acc3695defb0a9a1bb99ef05a024e6d80ca81_1280-6794508.jpg 1280w\" sizes=\"(max-width: 1024px) 100vw, 1024px\" \/>\t\t\t\t\t\t\t\t\t\t\t\t\t\t\t<\/div>\n\t\t\t\t<\/div>\n\t\t\t\t\t<\/div>\n\t\t\t\t<\/div>\n\t\t<div class=\"elementor-element elementor-element-a07a2b9 e-flex e-con-boxed e-con e-parent\" data-id=\"a07a2b9\" data-element_type=\"container\" data-e-type=\"container\" data-settings=\"{&quot;background_background&quot;:&quot;classic&quot;}\">\n\t\t\t\t\t<div class=\"e-con-inner\">\n\t\t<div class=\"elementor-element elementor-element-db992c8 e-con-full e-flex e-con e-child\" data-id=\"db992c8\" data-element_type=\"container\" data-e-type=\"container\">\n\t\t\t\t<div class=\"elementor-element elementor-element-466fc8c elementor-align-center elementor-widget elementor-widget-button\" data-id=\"466fc8c\" data-element_type=\"widget\" data-e-type=\"widget\" data-widget_type=\"button.default\">\n\t\t\t\t\t\t\t\t\t\t<a class=\"elementor-button elementor-button-link elementor-size-sm\" href=\"#\">\n\t\t\t\t\t\t<span class=\"elementor-button-content-wrapper\">\n\t\t\t\t\t\t\t\t\t<span class=\"elementor-button-text\">Bizimle \u0130leti\u015fime Ge\u00e7in<\/span>\n\t\t\t\t\t<\/span>\n\t\t\t\t\t<\/a>\n\t\t\t\t\t\t\t\t<\/div>\n\t\t\t\t<\/div>\n\t\t\t\t\t<\/div>\n\t\t\t\t<\/div>\n\t\t\t\t<\/div>","protected":false},"excerpt":{"rendered":"<p>Services Air Freight Fast and reliable air cargo solutions for urgent shipments.We ensure your goods reach their destination quickly, safely, and with full tracking along the way. Land Transportation Flexible road transport for local and regional deliveries.Our fleet moves your cargo efficiently with precise handling, secure loading, and on-time arrivals. Sea Freight Cost-effective shipping for [&hellip;]<\/p>","protected":false},"author":1,"featured_media":0,"parent":0,"menu_order":0,"comment_status":"closed","ping_status":"closed","template":"","meta":{"site-sidebar-layout":"no-sidebar","site-content-layout":"page-builder","ast-site-content-layout":"full-width-container","site-content-style":"unboxed","site-sidebar-style":"unboxed","ast-global-header-display":"","ast-banner-title-visibility":"","ast-main-header-display":"","ast-hfb-above-header-display":"","ast-hfb-below-header-display":"","ast-hfb-mobile-header-display":"","site-post-title":"","ast-breadcrumbs-content":"","ast-featured-img":"disabled","footer-sml-layout":"","ast-disable-related-posts":"","theme-transparent-header-meta":"enabled","adv-header-id-meta":"","stick-header-meta":"","header-above-stick-meta":"","header-main-stick-meta":"","header-below-stick-meta":"","astra-migrate-meta-layouts":"set","ast-page-background-enabled":"default","ast-page-background-meta":{"desktop":{"background-color":"var(--ast-global-color-4)","background-image":"","background-repeat":"repeat","background-position":"center center","background-size":"auto","background-attachment":"scroll","background-type":"","background-media":"","overlay-type":"","overlay-color":"","overlay-opacity":"","overlay-gradient":""},"tablet":{"background-color":"","background-image":"","background-repeat":"repeat","background-position":"center center","background-size":"auto","background-attachment":"scroll","background-type":"","background-media":"","overlay-type":"","overlay-color":"","overlay-opacity":"","overlay-gradient":""},"mobile":{"background-color":"","background-image":"","background-repeat":"repeat","background-position":"center center","background-size":"auto","background-attachment":"scroll","background-type":"","background-media":"","overlay-type":"","overlay-color":"","overlay-opacity":"","overlay-gradient":""}},"ast-content-background-meta":{"desktop":{"background-color":"var(--ast-global-color-5)","background-image":"","background-repeat":"repeat","background-position":"center center","background-size":"auto","background-attachment":"scroll","background-type":"","background-media":"","overlay-type":"","overlay-color":"","overlay-opacity":"","overlay-gradient":""},"tablet":{"background-color":"var(--ast-global-color-5)","background-image":"","background-repeat":"repeat","background-position":"center center","background-size":"auto","background-attachment":"scroll","background-type":"","background-media":"","overlay-type":"","overlay-color":"","overlay-opacity":"","overlay-gradient":""},"mobile":{"background-color":"var(--ast-global-color-5)","background-image":"","background-repeat":"repeat","background-position":"center center","background-size":"auto","background-attachment":"scroll","background-type":"","background-media":"","overlay-type":"","overlay-color":"","overlay-opacity":"","overlay-gradient":""}},"footnotes":""},"class_list":["post-15","page","type-page","status-publish","hentry"],"_hostinger_reach_plugin_has_subscription_block":false,"_hostinger_reach_plugin_is_elementor":false,"_links":{"self":[{"href":"https:\/\/trust-way.com\/tr\/wp-json\/wp\/v2\/pages\/15","targetHints":{"allow":["GET"]}}],"collection":[{"href":"https:\/\/trust-way.com\/tr\/wp-json\/wp\/v2\/pages"}],"about":[{"href":"https:\/\/trust-way.com\/tr\/wp-json\/wp\/v2\/types\/page"}],"author":[{"embeddable":true,"href":"https:\/\/trust-way.com\/tr\/wp-json\/wp\/v2\/users\/1"}],"replies":[{"embeddable":true,"href":"https:\/\/trust-way.com\/tr\/wp-json\/wp\/v2\/comments?post=15"}],"version-history":[{"count":52,"href":"https:\/\/trust-way.com\/tr\/wp-json\/wp\/v2\/pages\/15\/revisions"}],"predecessor-version":[{"id":2023,"href":"https:\/\/trust-way.com\/tr\/wp-json\/wp\/v2\/pages\/15\/revisions\/2023"}],"wp:attachment":[{"href":"https:\/\/trust-way.com\/tr\/wp-json\/wp\/v2\/media?parent=15"}],"curies":[{"name":"wp","href":"https:\/\/api.w.org\/{rel}","templated":true}]}}